{"id":1917,"date":"2021-11-02T16:11:19","date_gmt":"2021-11-02T16:11:19","guid":{"rendered":"https:\/\/schlosshotel.ch\/ueber-uns\/"},"modified":"2022-03-07T17:30:02","modified_gmt":"2022-03-07T17:30:02","slug":"de-nous","status":"publish","type":"page","link":"https:\/\/www.schlosshotel.ch\/fr\/de-nous\/","title":{"rendered":"De nous"},"content":{"rendered":"<p>[et_pb_section fb_built=\u00a0\u00bb1&Prime; fullwidth=\u00a0\u00bbon\u00a0\u00bb _builder_version=\u00a0\u00bb4.12.1&Prime; _module_preset=\u00a0\u00bbdefault\u00a0\u00bb global_colors_info=\u00a0\u00bb{}\u00a0\u00bb][et_pb_nextend_smart_slider_3_fullwidth slider=\u00a0\u00bb4&Prime; _builder_version=\u00a0\u00bb4.12.1&Prime; _module_preset=\u00a0\u00bbdefault\u00a0\u00bb global_colors_info=\u00a0\u00bb{}\u00a0\u00bb][\/et_pb_nextend_smart_slider_3_fullwidth][\/et_pb_section][et_pb_section fb_built=\u00a0\u00bb1&Prime; custom_padding_last_edited=\u00a0\u00bbon|phone\u00a0\u00bb _builder_version=\u00a0\u00bb4.13.0&Prime; _module_preset=\u00a0\u00bbdefault\u00a0\u00bb custom_padding=\u00a0\u00bb100px||100px||true|false\u00a0\u00bb custom_padding_tablet=\u00a0\u00bb80px||80px||true|false\u00a0\u00bb custom_padding_phone=\u00a0\u00bb50px||50px||true|false\u00a0\u00bb global_colors_info=\u00a0\u00bb{}\u00a0\u00bb][et_pb_row _builder_version=\u00a0\u00bb4.11.4&Prime; _module_preset=\u00a0\u00bbdefault\u00a0\u00bb global_colors_info=\u00a0\u00bb{}\u00a0\u00bb][et_pb_column type=\u00a0\u00bb4_4&Prime; _builder_version=\u00a0\u00bb4.11.4&Prime; _module_preset=\u00a0\u00bbdefault\u00a0\u00bb pac_dcm_carousel_specific_module_num=\u00a0\u00bb0&Prime; global_colors_info=\u00a0\u00bb{}\u00a0\u00bb][et_pb_text _builder_version=\u00a0\u00bb4.14.7&Prime; _module_preset=\u00a0\u00bbdefault\u00a0\u00bb text_line_height=\u00a0\u00bb33px\u00a0\u00bb text_orientation=\u00a0\u00bbcenter\u00a0\u00bb custom_padding=\u00a0\u00bb|180px||180px||true\u00a0\u00bb custom_padding_tablet=\u00a0\u00bb|0px||0px|false|true\u00a0\u00bb custom_padding_phone=\u00a0\u00bb|0px||0px|false|true\u00a0\u00bb custom_padding_last_edited=\u00a0\u00bbon|tablet\u00a0\u00bb hover_enabled=\u00a0\u00bb0&Prime; text_font_size_tablet=\u00a0\u00bb20px\u00a0\u00bb text_font_size_phone=\u00a0\u00bb18px\u00a0\u00bb text_font_size_last_edited=\u00a0\u00bbon|phone\u00a0\u00bb global_colors_info=\u00a0\u00bb{}\u00a0\u00bb sticky_enabled=\u00a0\u00bb0&Prime;]<\/p>\n<h1>\u00c0 propos de nous<\/h1>\n<p>Le Schlosshotel a eu de nouveaux propri\u00e9taires depuis mai 2021 et est g\u00e9r\u00e9 comme une entreprise familiale. Nous avons fait nos premi\u00e8res exp\u00e9riences dans l&rsquo;h\u00f4tellerie il y a 10 ans. Nous avons dirig\u00e9 un h\u00f4tel restaurant \u00e0 Vi\u00e8ge pendant 3 ans. Quelques ann\u00e9es plus tard, nous sommes devenus les fiers parents de 2 enfants. Le d\u00e9sir de poss\u00e9der un petit h\u00f4tel de charme ne s&rsquo;est jamais estomp\u00e9 au fil des ann\u00e9es. Un jour, la famille Furrer Andreas nous a donn\u00e9 l&rsquo;opportunit\u00e9 d&rsquo;acheter l&rsquo;h\u00f4tel du ch\u00e2teau.<\/p>\n<p>[\/et_pb_text][\/et_pb_column][\/et_pb_row][\/et_pb_section][et_pb_section fb_built=\u00a0\u00bb1&Prime; custom_padding_last_edited=\u00a0\u00bbon|phone\u00a0\u00bb _builder_version=\u00a0\u00bb4.13.0&Prime; _module_preset=\u00a0\u00bbdefault\u00a0\u00bb custom_padding=\u00a0\u00bb||100px|||\u00a0\u00bb custom_padding_tablet=\u00a0\u00bb||80px||false|false\u00a0\u00bb custom_padding_phone=\u00a0\u00bb0px||0px||true|false\u00a0\u00bb global_colors_info=\u00a0\u00bb{}\u00a0\u00bb][et_pb_row column_structure=\u00a0\u00bb1_3,2_3&Prime; _builder_version=\u00a0\u00bb4.12.1&Prime; _module_preset=\u00a0\u00bbdefault\u00a0\u00bb global_colors_info=\u00a0\u00bb{}\u00a0\u00bb][et_pb_column type=\u00a0\u00bb1_3&Prime; _builder_version=\u00a0\u00bb4.12.1&Prime; _module_preset=\u00a0\u00bbdefault\u00a0\u00bb pac_dcm_carousel_specific_module_num=\u00a0\u00bb0&Prime; global_colors_info=\u00a0\u00bb{}\u00a0\u00bb][et_pb_image src=\u00a0\u00bbhttps:\/\/www.schlosshotel.ch\/wp-content\/uploads\/2022\/02\/Familienfoto-Zenklusen-.jpg\u00a0\u00bb title_text=\u00a0\u00bbFamilienfoto Zenklusen\u00a0\u00bb show_in_lightbox=\u00a0\u00bbon\u00a0\u00bb _builder_version=\u00a0\u00bb4.14.7&Prime; _module_preset=\u00a0\u00bbdefault\u00a0\u00bb global_colors_info=\u00a0\u00bb{}\u00a0\u00bb][\/et_pb_image][\/et_pb_column][et_pb_column type=\u00a0\u00bb2_3&Prime; _builder_version=\u00a0\u00bb4.13.0&Prime; _module_preset=\u00a0\u00bbdefault\u00a0\u00bb pac_dcm_carousel_specific_module_num=\u00a0\u00bb0&Prime; global_colors_info=\u00a0\u00bb{}\u00a0\u00bb][et_pb_text _builder_version=\u00a0\u00bb4.14.7&Prime; _module_preset=\u00a0\u00bbdefault\u00a0\u00bb text_line_height=\u00a0\u00bb33px\u00a0\u00bb width=\u00a0\u00bb100%\u00a0\u00bb hover_enabled=\u00a0\u00bb0&Prime; text_font_size_tablet=\u00a0\u00bb20px\u00a0\u00bb text_font_size_phone=\u00a0\u00bb18px\u00a0\u00bb text_font_size_last_edited=\u00a0\u00bbon|phone\u00a0\u00bb global_colors_info=\u00a0\u00bb{}\u00a0\u00bb sticky_enabled=\u00a0\u00bb0&Prime;]<\/p>\n<h3>Vos h\u00f4tes<\/h3>\n<p>La famille Zenklusen se r\u00e9jouit de vous accueillir au Schlosshotel de Brigue.<\/p>\n<p>[\/et_pb_text][\/et_pb_column][\/et_pb_row][\/et_pb_section][et_pb_section fb_built=\u00a0\u00bb1&Prime; custom_padding_last_edited=\u00a0\u00bbon|phone\u00a0\u00bb _builder_version=\u00a0\u00bb4.13.0&Prime; _module_preset=\u00a0\u00bbdefault\u00a0\u00bb custom_padding=\u00a0\u00bb||160px|||\u00a0\u00bb custom_padding_tablet=\u00a0\u00bb||80px||false|false\u00a0\u00bb custom_padding_phone=\u00a0\u00bb||50px||false|false\u00a0\u00bb global_colors_info=\u00a0\u00bb{}\u00a0\u00bb][et_pb_row custom_padding_last_edited=\u00a0\u00bbon|phone\u00a0\u00bb _builder_version=\u00a0\u00bb4.13.0&Prime; _module_preset=\u00a0\u00bbdefault\u00a0\u00bb background_color=\u00a0\u00bb#f2f2f2&Prime; custom_padding=\u00a0\u00bb60px|80px|60px|80px|true|true\u00a0\u00bb custom_padding_tablet=\u00a0\u00bb40px|60px|40px|60px|true|true\u00a0\u00bb custom_padding_phone=\u00a0\u00bb40px|40px|40px|40px|true|true\u00a0\u00bb global_colors_info=\u00a0\u00bb{}\u00a0\u00bb][et_pb_column type=\u00a0\u00bb4_4&Prime; _builder_version=\u00a0\u00bb4.12.1&Prime; _module_preset=\u00a0\u00bbdefault\u00a0\u00bb pac_dcm_carousel_specific_module_num=\u00a0\u00bb0&Prime; global_colors_info=\u00a0\u00bb{}\u00a0\u00bb][et_pb_text _builder_version=\u00a0\u00bb4.14.7&Prime; _module_preset=\u00a0\u00bbdefault\u00a0\u00bb text_line_height=\u00a0\u00bb33px\u00a0\u00bb hover_enabled=\u00a0\u00bb0&Prime; text_font_size_tablet=\u00a0\u00bb20px\u00a0\u00bb text_font_size_phone=\u00a0\u00bb18px\u00a0\u00bb text_font_size_last_edited=\u00a0\u00bbon|phone\u00a0\u00bb global_colors_info=\u00a0\u00bb{}\u00a0\u00bb sticky_enabled=\u00a0\u00bb0&Prime;]<\/p>\n<h2>L&rsquo;histoire de l&rsquo;h\u00f4tel du ch\u00e2teau<\/h2>\n<p>L&rsquo;histoire du Self Check-In Hotel am Schlosspark \u00e0 Brigue commence au milieu des ann\u00e9es 1970. A l&rsquo;endroit o\u00f9 se dressait la l\u00e9gendaire \u00ab\u00a0Hammerschmitta\u00a0\u00bb &#8211; une ancienne forge -, un consortium pr\u00e9voyait de construire un immeuble r\u00e9sidentiel. Le projet a fait faillite avant le d\u00e9but de la construction. En 1974, le c\u00e9l\u00e8bre h\u00f4telier et skieur acrobate valaisan Art Furrer ach\u00e8te et construit le Schlosshotel Garni, qui ouvre ses portes en 1976. D\u00e8s lors, l&rsquo;h\u00f4tel fut dirig\u00e9 par Art Furrer. En 2015, son fils Andreas Furrer a achet\u00e9 l&rsquo;h\u00f4tel et l&rsquo;a transform\u00e9 en un h\u00f4tel avec self-check-in. En mai 2021, il a vendu le Schlosshotel \u00e0 la famille Zenklusen.<\/p>\n<p>[\/et_pb_text][\/et_pb_column][\/et_pb_row][\/et_pb_section]<\/p>\n","protected":false},"excerpt":{"rendered":"<p>\u00c0 propos de nous Le Schlosshotel a eu de nouveaux propri\u00e9taires depuis mai 2021 et est g\u00e9r\u00e9 comme une entreprise familiale. Nous avons fait nos premi\u00e8res exp\u00e9riences dans l&rsquo;h\u00f4tellerie il y a 10 ans. Nous avons dirig\u00e9 un h\u00f4tel restaurant \u00e0 Vi\u00e8ge pendant 3 ans. Quelques ann\u00e9es plus tard, nous sommes devenus les fiers parents [&hellip;]<\/p>\n","protected":false},"author":1,"featured_media":0,"parent":0,"menu_order":0,"comment_status":"closed","ping_status":"closed","template":"","meta":{"_et_pb_use_builder":"on","_et_pb_old_content":"","_et_gb_content_width":"","footnotes":""},"class_list":["post-1917","page","type-page","status-publish","hentry"],"yoast_head":"<!-- This site is optimized with the Yoast SEO plugin v27.3 - https:\/\/yoast.com\/product\/yoast-seo-wordpress\/ -->\n<title>De nous - Schlosshotel Brig<\/title>\n<meta name=\"description\" content=\"\u00dcber uns: Seit Mai 2021 wird das Schlosshotel in Brig von der Fam. Zenklusen gef\u00fchrt. Vor 10 Jahren machten wir erste Hotellerie-Erfahrungen.\" \/>\n<meta name=\"robots\" content=\"index, follow, max-snippet:-1, max-image-preview:large, max-video-preview:-1\" \/>\n<link rel=\"canonical\" href=\"https:\/\/www.schlosshotel.ch\/fr\/de-nous\/\" \/>\n<meta property=\"og:locale\" content=\"fr_FR\" \/>\n<meta property=\"og:type\" content=\"article\" \/>\n<meta property=\"og:title\" content=\"De nous - Schlosshotel Brig\" \/>\n<meta property=\"og:description\" content=\"\u00dcber uns: Seit Mai 2021 wird das Schlosshotel in Brig von der Fam. Zenklusen gef\u00fchrt. Vor 10 Jahren machten wir erste Hotellerie-Erfahrungen.\" \/>\n<meta property=\"og:url\" content=\"https:\/\/www.schlosshotel.ch\/fr\/de-nous\/\" \/>\n<meta property=\"og:site_name\" content=\"Schlosshotel Brig\" \/>\n<meta property=\"article:modified_time\" content=\"2022-03-07T17:30:02+00:00\" \/>\n<meta name=\"twitter:card\" content=\"summary_large_image\" \/>\n<meta name=\"twitter:label1\" content=\"Dur\u00e9e de lecture estim\u00e9e\" \/>\n\t<meta name=\"twitter:data1\" content=\"4 minutes\" \/>\n<script type=\"application\/ld+json\" class=\"yoast-schema-graph\">{\"@context\":\"https:\\\/\\\/schema.org\",\"@graph\":[{\"@type\":\"WebPage\",\"@id\":\"https:\\\/\\\/www.schlosshotel.ch\\\/fr\\\/de-nous\\\/\",\"url\":\"https:\\\/\\\/www.schlosshotel.ch\\\/fr\\\/de-nous\\\/\",\"name\":\"De nous - Schlosshotel Brig\",\"isPartOf\":{\"@id\":\"https:\\\/\\\/www.schlosshotel.ch\\\/#website\"},\"datePublished\":\"2021-11-02T16:11:19+00:00\",\"dateModified\":\"2022-03-07T17:30:02+00:00\",\"description\":\"\u00dcber uns: Seit Mai 2021 wird das Schlosshotel in Brig von der Fam. Zenklusen gef\u00fchrt. Vor 10 Jahren machten wir erste Hotellerie-Erfahrungen.\",\"breadcrumb\":{\"@id\":\"https:\\\/\\\/www.schlosshotel.ch\\\/fr\\\/de-nous\\\/#breadcrumb\"},\"inLanguage\":\"fr-FR\",\"potentialAction\":[{\"@type\":\"ReadAction\",\"target\":[\"https:\\\/\\\/www.schlosshotel.ch\\\/fr\\\/de-nous\\\/\"]}]},{\"@type\":\"BreadcrumbList\",\"@id\":\"https:\\\/\\\/www.schlosshotel.ch\\\/fr\\\/de-nous\\\/#breadcrumb\",\"itemListElement\":[{\"@type\":\"ListItem\",\"position\":1,\"name\":\"Startseite\",\"item\":\"https:\\\/\\\/www.schlosshotel.ch\\\/fr\\\/\"},{\"@type\":\"ListItem\",\"position\":2,\"name\":\"De nous\"}]},{\"@type\":\"WebSite\",\"@id\":\"https:\\\/\\\/www.schlosshotel.ch\\\/#website\",\"url\":\"https:\\\/\\\/www.schlosshotel.ch\\\/\",\"name\":\"Schlosshotel Brig\",\"description\":\"Das Self Check-In Hotel in Brig\",\"potentialAction\":[{\"@type\":\"SearchAction\",\"target\":{\"@type\":\"EntryPoint\",\"urlTemplate\":\"https:\\\/\\\/www.schlosshotel.ch\\\/?s={search_term_string}\"},\"query-input\":{\"@type\":\"PropertyValueSpecification\",\"valueRequired\":true,\"valueName\":\"search_term_string\"}}],\"inLanguage\":\"fr-FR\"}]}<\/script>\n<!-- \/ Yoast SEO plugin. -->","yoast_head_json":{"title":"De nous - Schlosshotel Brig","description":"\u00dcber uns: Seit Mai 2021 wird das Schlosshotel in Brig von der Fam. Zenklusen gef\u00fchrt. Vor 10 Jahren machten wir erste Hotellerie-Erfahrungen.","robots":{"index":"index","follow":"follow","max-snippet":"max-snippet:-1","max-image-preview":"max-image-preview:large","max-video-preview":"max-video-preview:-1"},"canonical":"https:\/\/www.schlosshotel.ch\/fr\/de-nous\/","og_locale":"fr_FR","og_type":"article","og_title":"De nous - Schlosshotel Brig","og_description":"\u00dcber uns: Seit Mai 2021 wird das Schlosshotel in Brig von der Fam. Zenklusen gef\u00fchrt. Vor 10 Jahren machten wir erste Hotellerie-Erfahrungen.","og_url":"https:\/\/www.schlosshotel.ch\/fr\/de-nous\/","og_site_name":"Schlosshotel Brig","article_modified_time":"2022-03-07T17:30:02+00:00","twitter_card":"summary_large_image","twitter_misc":{"Dur\u00e9e de lecture estim\u00e9e":"4 minutes"},"schema":{"@context":"https:\/\/schema.org","@graph":[{"@type":"WebPage","@id":"https:\/\/www.schlosshotel.ch\/fr\/de-nous\/","url":"https:\/\/www.schlosshotel.ch\/fr\/de-nous\/","name":"De nous - Schlosshotel Brig","isPartOf":{"@id":"https:\/\/www.schlosshotel.ch\/#website"},"datePublished":"2021-11-02T16:11:19+00:00","dateModified":"2022-03-07T17:30:02+00:00","description":"\u00dcber uns: Seit Mai 2021 wird das Schlosshotel in Brig von der Fam. Zenklusen gef\u00fchrt. Vor 10 Jahren machten wir erste Hotellerie-Erfahrungen.","breadcrumb":{"@id":"https:\/\/www.schlosshotel.ch\/fr\/de-nous\/#breadcrumb"},"inLanguage":"fr-FR","potentialAction":[{"@type":"ReadAction","target":["https:\/\/www.schlosshotel.ch\/fr\/de-nous\/"]}]},{"@type":"BreadcrumbList","@id":"https:\/\/www.schlosshotel.ch\/fr\/de-nous\/#breadcrumb","itemListElement":[{"@type":"ListItem","position":1,"name":"Startseite","item":"https:\/\/www.schlosshotel.ch\/fr\/"},{"@type":"ListItem","position":2,"name":"De nous"}]},{"@type":"WebSite","@id":"https:\/\/www.schlosshotel.ch\/#website","url":"https:\/\/www.schlosshotel.ch\/","name":"Schlosshotel Brig","description":"Das Self Check-In Hotel in Brig","potentialAction":[{"@type":"SearchAction","target":{"@type":"EntryPoint","urlTemplate":"https:\/\/www.schlosshotel.ch\/?s={search_term_string}"},"query-input":{"@type":"PropertyValueSpecification","valueRequired":true,"valueName":"search_term_string"}}],"inLanguage":"fr-FR"}]}},"_links":{"self":[{"href":"https:\/\/www.schlosshotel.ch\/fr\/wp-json\/wp\/v2\/pages\/1917","targetHints":{"allow":["GET"]}}],"collection":[{"href":"https:\/\/www.schlosshotel.ch\/fr\/wp-json\/wp\/v2\/pages"}],"about":[{"href":"https:\/\/www.schlosshotel.ch\/fr\/wp-json\/wp\/v2\/types\/page"}],"author":[{"embeddable":true,"href":"https:\/\/www.schlosshotel.ch\/fr\/wp-json\/wp\/v2\/users\/1"}],"replies":[{"embeddable":true,"href":"https:\/\/www.schlosshotel.ch\/fr\/wp-json\/wp\/v2\/comments?post=1917"}],"version-history":[{"count":2,"href":"https:\/\/www.schlosshotel.ch\/fr\/wp-json\/wp\/v2\/pages\/1917\/revisions"}],"predecessor-version":[{"id":1924,"href":"https:\/\/www.schlosshotel.ch\/fr\/wp-json\/wp\/v2\/pages\/1917\/revisions\/1924"}],"wp:attachment":[{"href":"https:\/\/www.schlosshotel.ch\/fr\/wp-json\/wp\/v2\/media?parent=1917"}],"curies":[{"name":"wp","href":"https:\/\/api.w.org\/{rel}","templated":true}]}}