{"id":2069,"date":"2021-11-02T13:51:07","date_gmt":"2021-11-02T13:51:07","guid":{"rendered":"https:\/\/schlosshotel.ch\/impressionen\/"},"modified":"2022-03-08T09:54:59","modified_gmt":"2022-03-08T09:54:59","slug":"impressions","status":"publish","type":"page","link":"https:\/\/www.schlosshotel.ch\/fr\/impressions\/","title":{"rendered":"Impressions"},"content":{"rendered":"<p>[et_pb_section fb_built=\u00a0\u00bb1&Prime; custom_padding_last_edited=\u00a0\u00bbon|phone\u00a0\u00bb _builder_version=\u00a0\u00bb4.13.0&Prime; _module_preset=\u00a0\u00bbdefault\u00a0\u00bb background_color=\u00a0\u00bb#f2f2f2&Prime; custom_padding=\u00a0\u00bb100px||100px|||\u00a0\u00bb custom_padding_tablet=\u00a0\u00bb80px||80px||false|false\u00a0\u00bb custom_padding_phone=\u00a0\u00bb50px||50px||false|false\u00a0\u00bb global_colors_info=\u00a0\u00bb{}\u00a0\u00bb][et_pb_row _builder_version=\u00a0\u00bb4.13.0&Prime; _module_preset=\u00a0\u00bbdefault\u00a0\u00bb custom_padding=\u00a0\u00bb||||false|false\u00a0\u00bb global_colors_info=\u00a0\u00bb{}\u00a0\u00bb][et_pb_column type=\u00a0\u00bb4_4&Prime; _builder_version=\u00a0\u00bb4.12.1&Prime; _module_preset=\u00a0\u00bbdefault\u00a0\u00bb pac_dcm_carousel_specific_module_num=\u00a0\u00bb0&Prime; global_colors_info=\u00a0\u00bb{}\u00a0\u00bb][et_pb_text _builder_version=\u00a0\u00bb4.14.7&Prime; _module_preset=\u00a0\u00bbdefault\u00a0\u00bb text_line_height=\u00a0\u00bb33px\u00a0\u00bb text_orientation=\u00a0\u00bbcenter\u00a0\u00bb text_font_size_tablet=\u00a0\u00bb20px\u00a0\u00bb text_font_size_phone=\u00a0\u00bb18px\u00a0\u00bb text_font_size_last_edited=\u00a0\u00bbon|phone\u00a0\u00bb global_colors_info=\u00a0\u00bb{}\u00a0\u00bb]<\/p>\n<h1>Impressions<\/h1>\n<p>Le Schlosshotel \u00e0 Brigue est l&rsquo;h\u00f4tel parfait pour votre s\u00e9jour en Valais. Nous vous montrons quelques impressions de notre h\u00f4tel.<br \/>Nous vous attendons avec impatience.<\/p>\n<p>[\/et_pb_text][\/et_pb_column][\/et_pb_row][\/et_pb_section][et_pb_section fb_built=\u00a0\u00bb1&Prime; _builder_version=\u00a0\u00bb4.12.1&Prime; _module_preset=\u00a0\u00bbdefault\u00a0\u00bb global_colors_info=\u00a0\u00bb{}\u00a0\u00bb][et_pb_row column_structure=\u00a0\u00bb1_3,1_3,1_3&Prime; _builder_version=\u00a0\u00bb4.12.1&Prime; _module_preset=\u00a0\u00bbdefault\u00a0\u00bb global_colors_info=\u00a0\u00bb{}\u00a0\u00bb][et_pb_column type=\u00a0\u00bb1_3&Prime; _builder_version=\u00a0\u00bb4.12.1&Prime; _module_preset=\u00a0\u00bbdefault\u00a0\u00bb pac_dcm_carousel_specific_module_num=\u00a0\u00bb0&Prime; global_colors_info=\u00a0\u00bb{}\u00a0\u00bb][et_pb_image src=\u00a0\u00bbhttps:\/\/www.schlosshotel.ch\/wp-content\/uploads\/2021\/10\/DJI_0477-scaled.jpg\u00a0\u00bb show_in_lightbox=\u00a0\u00bbon\u00a0\u00bb _builder_version=\u00a0\u00bb4.13.0&Prime; _module_preset=\u00a0\u00bbdefault\u00a0\u00bb global_colors_info=\u00a0\u00bb{}\u00a0\u00bb][\/et_pb_image][\/et_pb_column][et_pb_column type=\u00a0\u00bb1_3&Prime; _builder_version=\u00a0\u00bb4.12.1&Prime; _module_preset=\u00a0\u00bbdefault\u00a0\u00bb pac_dcm_carousel_specific_module_num=\u00a0\u00bb0&Prime; global_colors_info=\u00a0\u00bb{}\u00a0\u00bb][et_pb_image src=\u00a0\u00bbhttps:\/\/www.schlosshotel.ch\/wp-content\/uploads\/2021\/10\/DJI_0472-scaled.jpg\u00a0\u00bb show_in_lightbox=\u00a0\u00bbon\u00a0\u00bb _builder_version=\u00a0\u00bb4.13.0&Prime; _module_preset=\u00a0\u00bbdefault\u00a0\u00bb global_colors_info=\u00a0\u00bb{}\u00a0\u00bb][\/et_pb_image][\/et_pb_column][et_pb_column type=\u00a0\u00bb1_3&Prime; _builder_version=\u00a0\u00bb4.12.1&Prime; _module_preset=\u00a0\u00bbdefault\u00a0\u00bb pac_dcm_carousel_specific_module_num=\u00a0\u00bb0&Prime; global_colors_info=\u00a0\u00bb{}\u00a0\u00bb][et_pb_image src=\u00a0\u00bbhttps:\/\/www.schlosshotel.ch\/wp-content\/uploads\/2021\/10\/DSC9889-scaled.jpg\u00a0\u00bb title_text=\u00a0\u00bb_DSC9889&Prime; show_in_lightbox=\u00a0\u00bbon\u00a0\u00bb _builder_version=\u00a0\u00bb4.13.0&Prime; _module_preset=\u00a0\u00bbdefault\u00a0\u00bb global_colors_info=\u00a0\u00bb{}\u00a0\u00bb][\/et_pb_image][\/et_pb_column][\/et_pb_row][et_pb_row column_structure=\u00a0\u00bb1_3,1_3,1_3&Prime; _builder_version=\u00a0\u00bb4.12.1&Prime; _module_preset=\u00a0\u00bbdefault\u00a0\u00bb global_colors_info=\u00a0\u00bb{}\u00a0\u00bb][et_pb_column type=\u00a0\u00bb1_3&Prime; _builder_version=\u00a0\u00bb4.12.1&Prime; _module_preset=\u00a0\u00bbdefault\u00a0\u00bb pac_dcm_carousel_specific_module_num=\u00a0\u00bb0&Prime; global_colors_info=\u00a0\u00bb{}\u00a0\u00bb][et_pb_image src=\u00a0\u00bbhttps:\/\/www.schlosshotel.ch\/wp-content\/uploads\/2021\/10\/DSC9887-scaled.jpg\u00a0\u00bb title_text=\u00a0\u00bb_DSC9887&Prime; show_in_lightbox=\u00a0\u00bbon\u00a0\u00bb _builder_version=\u00a0\u00bb4.13.0&Prime; _module_preset=\u00a0\u00bbdefault\u00a0\u00bb global_colors_info=\u00a0\u00bb{}\u00a0\u00bb][\/et_pb_image][\/et_pb_column][et_pb_column type=\u00a0\u00bb1_3&Prime; _builder_version=\u00a0\u00bb4.12.1&Prime; _module_preset=\u00a0\u00bbdefault\u00a0\u00bb pac_dcm_carousel_specific_module_num=\u00a0\u00bb0&Prime; global_colors_info=\u00a0\u00bb{}\u00a0\u00bb][et_pb_image src=\u00a0\u00bbhttps:\/\/www.schlosshotel.ch\/wp-content\/uploads\/2022\/01\/Schlosshotel-Brig-Superior-Doppelzimmer.jpg\u00a0\u00bb title_text=\u00a0\u00bbSchlosshotel-Brig-Superior-Doppelzimmer\u00a0\u00bb show_in_lightbox=\u00a0\u00bbon\u00a0\u00bb _builder_version=\u00a0\u00bb4.13.0&Prime; _module_preset=\u00a0\u00bbdefault\u00a0\u00bb global_colors_info=\u00a0\u00bb{}\u00a0\u00bb][\/et_pb_image][\/et_pb_column][et_pb_column type=\u00a0\u00bb1_3&Prime; _builder_version=\u00a0\u00bb4.12.1&Prime; _module_preset=\u00a0\u00bbdefault\u00a0\u00bb pac_dcm_carousel_specific_module_num=\u00a0\u00bb0&Prime; global_colors_info=\u00a0\u00bb{}\u00a0\u00bb][et_pb_image src=\u00a0\u00bbhttps:\/\/www.schlosshotel.ch\/wp-content\/uploads\/2021\/10\/DSC9864-scaled.jpg\u00a0\u00bb title_text=\u00a0\u00bb_DSC9864&Prime; show_in_lightbox=\u00a0\u00bbon\u00a0\u00bb _builder_version=\u00a0\u00bb4.13.0&Prime; _module_preset=\u00a0\u00bbdefault\u00a0\u00bb global_colors_info=\u00a0\u00bb{}\u00a0\u00bb][\/et_pb_image][\/et_pb_column][\/et_pb_row][et_pb_row column_structure=\u00a0\u00bb1_3,1_3,1_3&Prime; _builder_version=\u00a0\u00bb4.12.1&Prime; _module_preset=\u00a0\u00bbdefault\u00a0\u00bb global_colors_info=\u00a0\u00bb{}\u00a0\u00bb][et_pb_column type=\u00a0\u00bb1_3&Prime; _builder_version=\u00a0\u00bb4.12.1&Prime; _module_preset=\u00a0\u00bbdefault\u00a0\u00bb pac_dcm_carousel_specific_module_num=\u00a0\u00bb0&Prime; global_colors_info=\u00a0\u00bb{}\u00a0\u00bb][et_pb_image src=\u00a0\u00bbhttps:\/\/www.schlosshotel.ch\/wp-content\/uploads\/2021\/10\/DSC9865-scaled.jpg\u00a0\u00bb title_text=\u00a0\u00bb_DSC9865&Prime; show_in_lightbox=\u00a0\u00bbon\u00a0\u00bb _builder_version=\u00a0\u00bb4.13.0&Prime; _module_preset=\u00a0\u00bbdefault\u00a0\u00bb global_colors_info=\u00a0\u00bb{}\u00a0\u00bb][\/et_pb_image][\/et_pb_column][et_pb_column type=\u00a0\u00bb1_3&Prime; _builder_version=\u00a0\u00bb4.12.1&Prime; _module_preset=\u00a0\u00bbdefault\u00a0\u00bb pac_dcm_carousel_specific_module_num=\u00a0\u00bb0&Prime; global_colors_info=\u00a0\u00bb{}\u00a0\u00bb][et_pb_image src=\u00a0\u00bbhttps:\/\/www.schlosshotel.ch\/wp-content\/uploads\/2022\/01\/Schlosshotel-Brig-Single-Lodge.jpg\u00a0\u00bb title_text=\u00a0\u00bbSchlosshotel-Brig-Single-Lodge\u00a0\u00bb show_in_lightbox=\u00a0\u00bbon\u00a0\u00bb _builder_version=\u00a0\u00bb4.13.0&Prime; _module_preset=\u00a0\u00bbdefault\u00a0\u00bb global_colors_info=\u00a0\u00bb{}\u00a0\u00bb][\/et_pb_image][\/et_pb_column][et_pb_column type=\u00a0\u00bb1_3&Prime; _builder_version=\u00a0\u00bb4.12.1&Prime; _module_preset=\u00a0\u00bbdefault\u00a0\u00bb pac_dcm_carousel_specific_module_num=\u00a0\u00bb0&Prime; global_colors_info=\u00a0\u00bb{}\u00a0\u00bb][et_pb_image src=\u00a0\u00bbhttps:\/\/www.schlosshotel.ch\/wp-content\/uploads\/2022\/01\/Schlosshotel-Brig-Doppelzimmer.jpg\u00a0\u00bb title_text=\u00a0\u00bbSchlosshotel-Brig-Doppelzimmer\u00a0\u00bb show_in_lightbox=\u00a0\u00bbon\u00a0\u00bb _builder_version=\u00a0\u00bb4.13.0&Prime; _module_preset=\u00a0\u00bbdefault\u00a0\u00bb global_colors_info=\u00a0\u00bb{}\u00a0\u00bb][\/et_pb_image][\/et_pb_column][\/et_pb_row][\/et_pb_section]<\/p>\n","protected":false},"excerpt":{"rendered":"<p>Impressions Le Schlosshotel \u00e0 Brigue est l&rsquo;h\u00f4tel parfait pour votre s\u00e9jour en Valais. Nous vous montrons quelques impressions de notre h\u00f4tel.Nous vous attendons avec impatience.<\/p>\n","protected":false},"author":1,"featured_media":0,"parent":0,"menu_order":0,"comment_status":"closed","ping_status":"closed","template":"","meta":{"_et_pb_use_builder":"on","_et_pb_old_content":"","_et_gb_content_width":"","footnotes":""},"class_list":["post-2069","page","type-page","status-publish","hentry"],"yoast_head":"<!-- This site is optimized with the Yoast SEO plugin v27.3 - https:\/\/yoast.com\/product\/yoast-seo-wordpress\/ -->\n<title>Impressions - Schlosshotel Brig<\/title>\n<meta name=\"description\" content=\"Das Schlosshotel in Brig ist das perfekte Hotel f\u00fcr Ihren Aufenthalt im Wallis. Wir zeigen Ihnen einige Impressionen von unserem Hotel.\" \/>\n<meta name=\"robots\" content=\"index, follow, max-snippet:-1, max-image-preview:large, max-video-preview:-1\" \/>\n<link rel=\"canonical\" href=\"https:\/\/www.schlosshotel.ch\/fr\/impressions\/\" \/>\n<meta property=\"og:locale\" content=\"fr_FR\" \/>\n<meta property=\"og:type\" content=\"article\" \/>\n<meta property=\"og:title\" content=\"Impressions - Schlosshotel Brig\" \/>\n<meta property=\"og:description\" content=\"Das Schlosshotel in Brig ist das perfekte Hotel f\u00fcr Ihren Aufenthalt im Wallis. Wir zeigen Ihnen einige Impressionen von unserem Hotel.\" \/>\n<meta property=\"og:url\" content=\"https:\/\/www.schlosshotel.ch\/fr\/impressions\/\" \/>\n<meta property=\"og:site_name\" content=\"Schlosshotel Brig\" \/>\n<meta property=\"article:modified_time\" content=\"2022-03-08T09:54:59+00:00\" \/>\n<meta name=\"twitter:card\" content=\"summary_large_image\" \/>\n<meta name=\"twitter:label1\" content=\"Dur\u00e9e de lecture estim\u00e9e\" \/>\n\t<meta name=\"twitter:data1\" content=\"3 minutes\" \/>\n<script type=\"application\/ld+json\" class=\"yoast-schema-graph\">{\"@context\":\"https:\\\/\\\/schema.org\",\"@graph\":[{\"@type\":\"WebPage\",\"@id\":\"https:\\\/\\\/www.schlosshotel.ch\\\/fr\\\/impressions\\\/\",\"url\":\"https:\\\/\\\/www.schlosshotel.ch\\\/fr\\\/impressions\\\/\",\"name\":\"Impressions - Schlosshotel Brig\",\"isPartOf\":{\"@id\":\"https:\\\/\\\/www.schlosshotel.ch\\\/#website\"},\"datePublished\":\"2021-11-02T13:51:07+00:00\",\"dateModified\":\"2022-03-08T09:54:59+00:00\",\"description\":\"Das Schlosshotel in Brig ist das perfekte Hotel f\u00fcr Ihren Aufenthalt im Wallis. Wir zeigen Ihnen einige Impressionen von unserem Hotel.\",\"breadcrumb\":{\"@id\":\"https:\\\/\\\/www.schlosshotel.ch\\\/fr\\\/impressions\\\/#breadcrumb\"},\"inLanguage\":\"fr-FR\",\"potentialAction\":[{\"@type\":\"ReadAction\",\"target\":[\"https:\\\/\\\/www.schlosshotel.ch\\\/fr\\\/impressions\\\/\"]}]},{\"@type\":\"BreadcrumbList\",\"@id\":\"https:\\\/\\\/www.schlosshotel.ch\\\/fr\\\/impressions\\\/#breadcrumb\",\"itemListElement\":[{\"@type\":\"ListItem\",\"position\":1,\"name\":\"Startseite\",\"item\":\"https:\\\/\\\/www.schlosshotel.ch\\\/fr\\\/\"},{\"@type\":\"ListItem\",\"position\":2,\"name\":\"Impressions\"}]},{\"@type\":\"WebSite\",\"@id\":\"https:\\\/\\\/www.schlosshotel.ch\\\/#website\",\"url\":\"https:\\\/\\\/www.schlosshotel.ch\\\/\",\"name\":\"Schlosshotel Brig\",\"description\":\"Das Self Check-In Hotel in Brig\",\"potentialAction\":[{\"@type\":\"SearchAction\",\"target\":{\"@type\":\"EntryPoint\",\"urlTemplate\":\"https:\\\/\\\/www.schlosshotel.ch\\\/?s={search_term_string}\"},\"query-input\":{\"@type\":\"PropertyValueSpecification\",\"valueRequired\":true,\"valueName\":\"search_term_string\"}}],\"inLanguage\":\"fr-FR\"}]}<\/script>\n<!-- \/ Yoast SEO plugin. -->","yoast_head_json":{"title":"Impressions - Schlosshotel Brig","description":"Das Schlosshotel in Brig ist das perfekte Hotel f\u00fcr Ihren Aufenthalt im Wallis. Wir zeigen Ihnen einige Impressionen von unserem Hotel.","robots":{"index":"index","follow":"follow","max-snippet":"max-snippet:-1","max-image-preview":"max-image-preview:large","max-video-preview":"max-video-preview:-1"},"canonical":"https:\/\/www.schlosshotel.ch\/fr\/impressions\/","og_locale":"fr_FR","og_type":"article","og_title":"Impressions - Schlosshotel Brig","og_description":"Das Schlosshotel in Brig ist das perfekte Hotel f\u00fcr Ihren Aufenthalt im Wallis. Wir zeigen Ihnen einige Impressionen von unserem Hotel.","og_url":"https:\/\/www.schlosshotel.ch\/fr\/impressions\/","og_site_name":"Schlosshotel Brig","article_modified_time":"2022-03-08T09:54:59+00:00","twitter_card":"summary_large_image","twitter_misc":{"Dur\u00e9e de lecture estim\u00e9e":"3 minutes"},"schema":{"@context":"https:\/\/schema.org","@graph":[{"@type":"WebPage","@id":"https:\/\/www.schlosshotel.ch\/fr\/impressions\/","url":"https:\/\/www.schlosshotel.ch\/fr\/impressions\/","name":"Impressions - Schlosshotel Brig","isPartOf":{"@id":"https:\/\/www.schlosshotel.ch\/#website"},"datePublished":"2021-11-02T13:51:07+00:00","dateModified":"2022-03-08T09:54:59+00:00","description":"Das Schlosshotel in Brig ist das perfekte Hotel f\u00fcr Ihren Aufenthalt im Wallis. Wir zeigen Ihnen einige Impressionen von unserem Hotel.","breadcrumb":{"@id":"https:\/\/www.schlosshotel.ch\/fr\/impressions\/#breadcrumb"},"inLanguage":"fr-FR","potentialAction":[{"@type":"ReadAction","target":["https:\/\/www.schlosshotel.ch\/fr\/impressions\/"]}]},{"@type":"BreadcrumbList","@id":"https:\/\/www.schlosshotel.ch\/fr\/impressions\/#breadcrumb","itemListElement":[{"@type":"ListItem","position":1,"name":"Startseite","item":"https:\/\/www.schlosshotel.ch\/fr\/"},{"@type":"ListItem","position":2,"name":"Impressions"}]},{"@type":"WebSite","@id":"https:\/\/www.schlosshotel.ch\/#website","url":"https:\/\/www.schlosshotel.ch\/","name":"Schlosshotel Brig","description":"Das Self Check-In Hotel in Brig","potentialAction":[{"@type":"SearchAction","target":{"@type":"EntryPoint","urlTemplate":"https:\/\/www.schlosshotel.ch\/?s={search_term_string}"},"query-input":{"@type":"PropertyValueSpecification","valueRequired":true,"valueName":"search_term_string"}}],"inLanguage":"fr-FR"}]}},"_links":{"self":[{"href":"https:\/\/www.schlosshotel.ch\/fr\/wp-json\/wp\/v2\/pages\/2069","targetHints":{"allow":["GET"]}}],"collection":[{"href":"https:\/\/www.schlosshotel.ch\/fr\/wp-json\/wp\/v2\/pages"}],"about":[{"href":"https:\/\/www.schlosshotel.ch\/fr\/wp-json\/wp\/v2\/types\/page"}],"author":[{"embeddable":true,"href":"https:\/\/www.schlosshotel.ch\/fr\/wp-json\/wp\/v2\/users\/1"}],"replies":[{"embeddable":true,"href":"https:\/\/www.schlosshotel.ch\/fr\/wp-json\/wp\/v2\/comments?post=2069"}],"version-history":[{"count":3,"href":"https:\/\/www.schlosshotel.ch\/fr\/wp-json\/wp\/v2\/pages\/2069\/revisions"}],"predecessor-version":[{"id":2081,"href":"https:\/\/www.schlosshotel.ch\/fr\/wp-json\/wp\/v2\/pages\/2069\/revisions\/2081"}],"wp:attachment":[{"href":"https:\/\/www.schlosshotel.ch\/fr\/wp-json\/wp\/v2\/media?parent=2069"}],"curies":[{"name":"wp","href":"https:\/\/api.w.org\/{rel}","templated":true}]}}