{"id":1918,"date":"2021-11-02T16:11:19","date_gmt":"2021-11-02T16:11:19","guid":{"rendered":"https:\/\/schlosshotel.ch\/ueber-uns\/"},"modified":"2022-03-07T17:31:20","modified_gmt":"2022-03-07T17:31:20","slug":"chi-siamo","status":"publish","type":"page","link":"https:\/\/www.schlosshotel.ch\/it\/chi-siamo\/","title":{"rendered":"Chi siamo"},"content":{"rendered":"<p>[et_pb_section fb_built=&#8221;1&#8243; fullwidth=&#8221;on&#8221; _builder_version=&#8221;4.12.1&#8243; _module_preset=&#8221;default&#8221; global_colors_info=&#8221;{}&#8221;][et_pb_nextend_smart_slider_3_fullwidth slider=&#8221;4&#8243; _builder_version=&#8221;4.12.1&#8243; _module_preset=&#8221;default&#8221; global_colors_info=&#8221;{}&#8221;][\/et_pb_nextend_smart_slider_3_fullwidth][\/et_pb_section][et_pb_section fb_built=&#8221;1&#8243; custom_padding_last_edited=&#8221;on|phone&#8221; _builder_version=&#8221;4.13.0&#8243; _module_preset=&#8221;default&#8221; custom_padding=&#8221;100px||100px||true|false&#8221; custom_padding_tablet=&#8221;80px||80px||true|false&#8221; custom_padding_phone=&#8221;50px||50px||true|false&#8221; global_colors_info=&#8221;{}&#8221;][et_pb_row _builder_version=&#8221;4.11.4&#8243; _module_preset=&#8221;default&#8221; global_colors_info=&#8221;{}&#8221;][et_pb_column type=&#8221;4_4&#8243; _builder_version=&#8221;4.11.4&#8243; _module_preset=&#8221;default&#8221; pac_dcm_carousel_specific_module_num=&#8221;0&#8243; global_colors_info=&#8221;{}&#8221;][et_pb_text _builder_version=&#8221;4.14.7&#8243; _module_preset=&#8221;default&#8221; text_line_height=&#8221;33px&#8221; text_orientation=&#8221;center&#8221; custom_padding=&#8221;|180px||180px||true&#8221; custom_padding_tablet=&#8221;|0px||0px|false|true&#8221; custom_padding_phone=&#8221;|0px||0px|false|true&#8221; custom_padding_last_edited=&#8221;on|tablet&#8221; hover_enabled=&#8221;0&#8243; text_font_size_tablet=&#8221;20px&#8221; text_font_size_phone=&#8221;18px&#8221; text_font_size_last_edited=&#8221;on|phone&#8221; global_colors_info=&#8221;{}&#8221; sticky_enabled=&#8221;0&#8243;]<\/p>\n<h1>Chi siamo<\/h1>\n<p>Lo Schlosshotel ha avuto nuovi proprietari da maggio 2021 ed \u00e8 gestito come un&#8217;azienda a conduzione familiare. Abbiamo fatto le nostre prime esperienze nel settore alberghiero 10 anni fa. Abbiamo gestito un ristorante d&#8217;albergo a Visp per 3 anni. Pochi anni dopo siamo diventati gli orgogliosi genitori di 2 bambini. Il desiderio di possedere un piccolo hotel di charme non \u00e8 mai svanito negli anni. Un giorno la famiglia Furrer Andreas ci diede l&#8217;opportunit\u00e0 di acquistare l&#8217;albergo del castello.<\/p>\n<p>[\/et_pb_text][\/et_pb_column][\/et_pb_row][\/et_pb_section][et_pb_section fb_built=&#8221;1&#8243; custom_padding_last_edited=&#8221;on|phone&#8221; _builder_version=&#8221;4.13.0&#8243; _module_preset=&#8221;default&#8221; custom_padding=&#8221;||100px|||&#8221; custom_padding_tablet=&#8221;||80px||false|false&#8221; custom_padding_phone=&#8221;0px||0px||true|false&#8221; global_colors_info=&#8221;{}&#8221;][et_pb_row column_structure=&#8221;1_3,2_3&#8243; _builder_version=&#8221;4.12.1&#8243; _module_preset=&#8221;default&#8221; global_colors_info=&#8221;{}&#8221;][et_pb_column type=&#8221;1_3&#8243; _builder_version=&#8221;4.12.1&#8243; _module_preset=&#8221;default&#8221; pac_dcm_carousel_specific_module_num=&#8221;0&#8243; global_colors_info=&#8221;{}&#8221;][et_pb_image src=&#8221;https:\/\/www.schlosshotel.ch\/wp-content\/uploads\/2022\/02\/Familienfoto-Zenklusen-.jpg&#8221; title_text=&#8221;Familienfoto Zenklusen&#8221; show_in_lightbox=&#8221;on&#8221; _builder_version=&#8221;4.14.7&#8243; _module_preset=&#8221;default&#8221; global_colors_info=&#8221;{}&#8221;][\/et_pb_image][\/et_pb_column][et_pb_column type=&#8221;2_3&#8243; _builder_version=&#8221;4.13.0&#8243; _module_preset=&#8221;default&#8221; pac_dcm_carousel_specific_module_num=&#8221;0&#8243; global_colors_info=&#8221;{}&#8221;][et_pb_text _builder_version=&#8221;4.14.7&#8243; _module_preset=&#8221;default&#8221; text_line_height=&#8221;33px&#8221; width=&#8221;100%&#8221; hover_enabled=&#8221;0&#8243; text_font_size_tablet=&#8221;20px&#8221; text_font_size_phone=&#8221;18px&#8221; text_font_size_last_edited=&#8221;on|phone&#8221; global_colors_info=&#8221;{}&#8221; sticky_enabled=&#8221;0&#8243;]<\/p>\n<h3>I tuoi ospiti<\/h3>\n<p>La famiglia Zenklusen non vede l&#8217;ora di darvi il benvenuto allo Schlosshotel di Briga.<\/p>\n<p>[\/et_pb_text][\/et_pb_column][\/et_pb_row][\/et_pb_section][et_pb_section fb_built=&#8221;1&#8243; custom_padding_last_edited=&#8221;on|phone&#8221; _builder_version=&#8221;4.13.0&#8243; _module_preset=&#8221;default&#8221; custom_padding=&#8221;||160px|||&#8221; custom_padding_tablet=&#8221;||80px||false|false&#8221; custom_padding_phone=&#8221;||50px||false|false&#8221; global_colors_info=&#8221;{}&#8221;][et_pb_row custom_padding_last_edited=&#8221;on|phone&#8221; _builder_version=&#8221;4.13.0&#8243; _module_preset=&#8221;default&#8221; background_color=&#8221;#f2f2f2&#8243; custom_padding=&#8221;60px|80px|60px|80px|true|true&#8221; custom_padding_tablet=&#8221;40px|60px|40px|60px|true|true&#8221; custom_padding_phone=&#8221;40px|40px|40px|40px|true|true&#8221; global_colors_info=&#8221;{}&#8221;][et_pb_column type=&#8221;4_4&#8243; _builder_version=&#8221;4.12.1&#8243; _module_preset=&#8221;default&#8221; pac_dcm_carousel_specific_module_num=&#8221;0&#8243; global_colors_info=&#8221;{}&#8221;][et_pb_text _builder_version=&#8221;4.14.7&#8243; _module_preset=&#8221;default&#8221; text_line_height=&#8221;33px&#8221; hover_enabled=&#8221;0&#8243; text_font_size_tablet=&#8221;20px&#8221; text_font_size_phone=&#8221;18px&#8221; text_font_size_last_edited=&#8221;on|phone&#8221; global_colors_info=&#8221;{}&#8221; sticky_enabled=&#8221;0&#8243;]<\/p>\n<h2>La storia dell&#8217;hotel castello<\/h2>\n<p>La storia del Self Check-In Hotel am Schlosspark a Brig inizia a met\u00e0 degli anni &#8217;70. Nel luogo in cui sorgeva la leggendaria &#8220;Hammerschmitta&#8221; &#8211; un&#8217;antica fucina &#8211; un consorzio stava progettando la costruzione di un edificio residenziale. Il progetto \u00e8 fallito prima dell&#8217;inizio dei lavori. Nel 1974 Art Furrer, noto albergatore vallesano e acrobata di sci, acquist\u00f2 e costru\u00ec lo Schlosshotel Garni, aperto nel 1976. Da quel momento in poi, l&#8217;hotel \u00e8 stato gestito da Art Furrer. Nel 2015 suo figlio Andreas Furrer ha acquistato l&#8217;hotel e lo ha trasformato in un hotel con check-in automatico. Nel maggio 2021 ha venduto lo Schlosshotel alla famiglia Zenklusen.<\/p>\n<p>[\/et_pb_text][\/et_pb_column][\/et_pb_row][\/et_pb_section]<\/p>\n","protected":false},"excerpt":{"rendered":"<p>Chi siamo Lo Schlosshotel ha avuto nuovi proprietari da maggio 2021 ed \u00e8 gestito come un&#8217;azienda a conduzione familiare. Abbiamo fatto le nostre prime esperienze nel settore alberghiero 10 anni fa. Abbiamo gestito un ristorante d&#8217;albergo a Visp per 3 anni. Pochi anni dopo siamo diventati gli orgogliosi genitori di 2 bambini. Il desiderio di [&hellip;]<\/p>\n","protected":false},"author":1,"featured_media":0,"parent":0,"menu_order":0,"comment_status":"closed","ping_status":"closed","template":"","meta":{"_et_pb_use_builder":"on","_et_pb_old_content":"","_et_gb_content_width":"","footnotes":""},"class_list":["post-1918","page","type-page","status-publish","hentry"],"yoast_head":"<!-- This site is optimized with the Yoast SEO plugin v27.3 - https:\/\/yoast.com\/product\/yoast-seo-wordpress\/ -->\n<title>Chi siamo - Schlosshotel Brig<\/title>\n<meta name=\"description\" content=\"\u00dcber uns: Seit Mai 2021 wird das Schlosshotel in Brig von der Fam. Zenklusen gef\u00fchrt. Vor 10 Jahren machten wir erste Hotellerie-Erfahrungen.\" \/>\n<meta name=\"robots\" content=\"index, follow, max-snippet:-1, max-image-preview:large, max-video-preview:-1\" \/>\n<link rel=\"canonical\" href=\"https:\/\/www.schlosshotel.ch\/it\/chi-siamo\/\" \/>\n<meta property=\"og:locale\" content=\"it_IT\" \/>\n<meta property=\"og:type\" content=\"article\" \/>\n<meta property=\"og:title\" content=\"Chi siamo - Schlosshotel Brig\" \/>\n<meta property=\"og:description\" content=\"\u00dcber uns: Seit Mai 2021 wird das Schlosshotel in Brig von der Fam. Zenklusen gef\u00fchrt. Vor 10 Jahren machten wir erste Hotellerie-Erfahrungen.\" \/>\n<meta property=\"og:url\" content=\"https:\/\/www.schlosshotel.ch\/it\/chi-siamo\/\" \/>\n<meta property=\"og:site_name\" content=\"Schlosshotel Brig\" \/>\n<meta property=\"article:modified_time\" content=\"2022-03-07T17:31:20+00:00\" \/>\n<meta name=\"twitter:card\" content=\"summary_large_image\" \/>\n<meta name=\"twitter:label1\" content=\"Tempo di lettura stimato\" \/>\n\t<meta name=\"twitter:data1\" content=\"3 minuti\" \/>\n<script type=\"application\/ld+json\" class=\"yoast-schema-graph\">{\"@context\":\"https:\\\/\\\/schema.org\",\"@graph\":[{\"@type\":\"WebPage\",\"@id\":\"https:\\\/\\\/www.schlosshotel.ch\\\/it\\\/chi-siamo\\\/\",\"url\":\"https:\\\/\\\/www.schlosshotel.ch\\\/it\\\/chi-siamo\\\/\",\"name\":\"Chi siamo - Schlosshotel Brig\",\"isPartOf\":{\"@id\":\"https:\\\/\\\/www.schlosshotel.ch\\\/#website\"},\"datePublished\":\"2021-11-02T16:11:19+00:00\",\"dateModified\":\"2022-03-07T17:31:20+00:00\",\"description\":\"\u00dcber uns: Seit Mai 2021 wird das Schlosshotel in Brig von der Fam. Zenklusen gef\u00fchrt. Vor 10 Jahren machten wir erste Hotellerie-Erfahrungen.\",\"breadcrumb\":{\"@id\":\"https:\\\/\\\/www.schlosshotel.ch\\\/it\\\/chi-siamo\\\/#breadcrumb\"},\"inLanguage\":\"it-IT\",\"potentialAction\":[{\"@type\":\"ReadAction\",\"target\":[\"https:\\\/\\\/www.schlosshotel.ch\\\/it\\\/chi-siamo\\\/\"]}]},{\"@type\":\"BreadcrumbList\",\"@id\":\"https:\\\/\\\/www.schlosshotel.ch\\\/it\\\/chi-siamo\\\/#breadcrumb\",\"itemListElement\":[{\"@type\":\"ListItem\",\"position\":1,\"name\":\"Startseite\",\"item\":\"https:\\\/\\\/www.schlosshotel.ch\\\/it\\\/\"},{\"@type\":\"ListItem\",\"position\":2,\"name\":\"Chi siamo\"}]},{\"@type\":\"WebSite\",\"@id\":\"https:\\\/\\\/www.schlosshotel.ch\\\/#website\",\"url\":\"https:\\\/\\\/www.schlosshotel.ch\\\/\",\"name\":\"Schlosshotel Brig\",\"description\":\"Das Self Check-In Hotel in Brig\",\"potentialAction\":[{\"@type\":\"SearchAction\",\"target\":{\"@type\":\"EntryPoint\",\"urlTemplate\":\"https:\\\/\\\/www.schlosshotel.ch\\\/?s={search_term_string}\"},\"query-input\":{\"@type\":\"PropertyValueSpecification\",\"valueRequired\":true,\"valueName\":\"search_term_string\"}}],\"inLanguage\":\"it-IT\"}]}<\/script>\n<!-- \/ Yoast SEO plugin. -->","yoast_head_json":{"title":"Chi siamo - Schlosshotel Brig","description":"\u00dcber uns: Seit Mai 2021 wird das Schlosshotel in Brig von der Fam. Zenklusen gef\u00fchrt. Vor 10 Jahren machten wir erste Hotellerie-Erfahrungen.","robots":{"index":"index","follow":"follow","max-snippet":"max-snippet:-1","max-image-preview":"max-image-preview:large","max-video-preview":"max-video-preview:-1"},"canonical":"https:\/\/www.schlosshotel.ch\/it\/chi-siamo\/","og_locale":"it_IT","og_type":"article","og_title":"Chi siamo - Schlosshotel Brig","og_description":"\u00dcber uns: Seit Mai 2021 wird das Schlosshotel in Brig von der Fam. Zenklusen gef\u00fchrt. Vor 10 Jahren machten wir erste Hotellerie-Erfahrungen.","og_url":"https:\/\/www.schlosshotel.ch\/it\/chi-siamo\/","og_site_name":"Schlosshotel Brig","article_modified_time":"2022-03-07T17:31:20+00:00","twitter_card":"summary_large_image","twitter_misc":{"Tempo di lettura stimato":"3 minuti"},"schema":{"@context":"https:\/\/schema.org","@graph":[{"@type":"WebPage","@id":"https:\/\/www.schlosshotel.ch\/it\/chi-siamo\/","url":"https:\/\/www.schlosshotel.ch\/it\/chi-siamo\/","name":"Chi siamo - Schlosshotel Brig","isPartOf":{"@id":"https:\/\/www.schlosshotel.ch\/#website"},"datePublished":"2021-11-02T16:11:19+00:00","dateModified":"2022-03-07T17:31:20+00:00","description":"\u00dcber uns: Seit Mai 2021 wird das Schlosshotel in Brig von der Fam. Zenklusen gef\u00fchrt. Vor 10 Jahren machten wir erste Hotellerie-Erfahrungen.","breadcrumb":{"@id":"https:\/\/www.schlosshotel.ch\/it\/chi-siamo\/#breadcrumb"},"inLanguage":"it-IT","potentialAction":[{"@type":"ReadAction","target":["https:\/\/www.schlosshotel.ch\/it\/chi-siamo\/"]}]},{"@type":"BreadcrumbList","@id":"https:\/\/www.schlosshotel.ch\/it\/chi-siamo\/#breadcrumb","itemListElement":[{"@type":"ListItem","position":1,"name":"Startseite","item":"https:\/\/www.schlosshotel.ch\/it\/"},{"@type":"ListItem","position":2,"name":"Chi siamo"}]},{"@type":"WebSite","@id":"https:\/\/www.schlosshotel.ch\/#website","url":"https:\/\/www.schlosshotel.ch\/","name":"Schlosshotel Brig","description":"Das Self Check-In Hotel in Brig","potentialAction":[{"@type":"SearchAction","target":{"@type":"EntryPoint","urlTemplate":"https:\/\/www.schlosshotel.ch\/?s={search_term_string}"},"query-input":{"@type":"PropertyValueSpecification","valueRequired":true,"valueName":"search_term_string"}}],"inLanguage":"it-IT"}]}},"_links":{"self":[{"href":"https:\/\/www.schlosshotel.ch\/it\/wp-json\/wp\/v2\/pages\/1918","targetHints":{"allow":["GET"]}}],"collection":[{"href":"https:\/\/www.schlosshotel.ch\/it\/wp-json\/wp\/v2\/pages"}],"about":[{"href":"https:\/\/www.schlosshotel.ch\/it\/wp-json\/wp\/v2\/types\/page"}],"author":[{"embeddable":true,"href":"https:\/\/www.schlosshotel.ch\/it\/wp-json\/wp\/v2\/users\/1"}],"replies":[{"embeddable":true,"href":"https:\/\/www.schlosshotel.ch\/it\/wp-json\/wp\/v2\/comments?post=1918"}],"version-history":[{"count":2,"href":"https:\/\/www.schlosshotel.ch\/it\/wp-json\/wp\/v2\/pages\/1918\/revisions"}],"predecessor-version":[{"id":1927,"href":"https:\/\/www.schlosshotel.ch\/it\/wp-json\/wp\/v2\/pages\/1918\/revisions\/1927"}],"wp:attachment":[{"href":"https:\/\/www.schlosshotel.ch\/it\/wp-json\/wp\/v2\/media?parent=1918"}],"curies":[{"name":"wp","href":"https:\/\/api.w.org\/{rel}","templated":true}]}}